{"id":522,"date":"2024-05-28T16:32:40","date_gmt":"2024-05-28T14:32:40","guid":{"rendered":"http:\/\/www.kolonelknigge.nl\/?page_id=522"},"modified":"2025-11-29T19:41:04","modified_gmt":"2025-11-29T18:41:04","slug":"gedichten","status":"publish","type":"page","link":"http:\/\/www.kolonelknigge.nl\/?page_id=522","title":{"rendered":"Gedichten"},"content":{"rendered":"\n<p><em>NOTARIS.<\/em><\/p>\n\n\n\n<p><em>In het dorp van de Nette Notaris<\/em><\/p>\n\n\n\n<p><em>stelt men geen onnodige vragen.<\/em><\/p>\n\n\n\n<p><em>En wat er gelogen of waar is,<\/em><\/p>\n\n\n\n<p><em>daar moet men niet over gaan zagen.<\/em><\/p>\n\n\n\n<p><em>Hij gluurde vaak door de hekken<\/em><\/p>\n\n\n\n<p><em>of dook in de bosjes bij &#8217;t plein.<\/em><\/p>\n\n\n\n<p><em>Maar niet alleen hij, wij waren er bij<\/em><\/p>\n\n\n\n<p><em>en sloegen op de tamboerijn:<\/em><\/p>\n\n\n\n<p><em>La la la la la la la.<\/em><\/p>\n\n\n\n<p><em>Ja, de meisjes van de huishoudschool.<\/em><\/p>\n\n\n\n<p><em>La la la la la la la.<\/em><\/p>\n\n\n\n<p><em>Ja, de meisjes van de huishoudschool.<\/em><\/p>\n\n\n\n<p><em>La la la la la la la.<\/em><\/p>\n\n\n\n<p><em>Oh, die meisjes van de huishoudschool.<\/em><\/p>\n\n\n\n<p><em>En van de Breeg-wee-stee tot aan de Zwarte Paal<\/em><\/p>\n\n\n\n<p><em>hoor je ze weer gillen in het gymlokaal.<\/em><\/p>\n\n\n\n<p><em>Door het dorp van de nette notaris<\/em><\/p>\n\n\n\n<p><em>trekt joelend een hossende schare.<\/em><\/p>\n\n\n\n<p><em>En daar er geen enkel bezwaar is,<\/em><\/p>\n\n\n\n<p><em>speelt achter zijn kist de Fanfare.<\/em><\/p>\n\n\n\n<p><em>Een moment van bezinning en stilte,<\/em><\/p>\n\n\n\n<p><em>op de plaats waar hij zo graag mocht zijn.<\/em><\/p>\n\n\n\n<p><em>Dan slaat weer de trom<\/em><\/p>\n\n\n\n<p><em>zo vrolijk en dom,<\/em><\/p>\n\n\n\n<p><em>de maat van dat mooie refrein:<\/em><\/p>\n\n\n\n<p><em>La la la la la la la.<\/em><\/p>\n\n\n\n<p><em>Ja, de meisjes van de huishoudschool.<\/em><\/p>\n\n\n\n<p><em>La la la la la la la.<\/em><\/p>\n\n\n\n<p><em>Ja, de meisjes van de huishoudschool.<\/em><\/p>\n\n\n\n<p><em>La la la la la la la.<\/em><\/p>\n\n\n\n<p><em>Oh, die meisjes van de huishoudschool.<\/em><\/p>\n\n\n\n<p><em>En van de Breeg-wee-stee tot aan de Zwarte Paal,<\/em><\/p>\n\n\n\n<p><em>steeds weerklinkt dat deuntje uit het Feestlokaal: La la la la la la la&#8230;<\/em><\/p>\n\n\n\n<p>Schapen.<\/p>\n\n\n\n<p>Kachel stuk<\/p>\n\n\n\n<p>Ben maar gaan slapen<\/p>\n\n\n\n<p>tussen de schapen.<\/p>\n\n\n\n<p>&#8212;&#8212;&#8212;&#8212;&#8212;&#8212;&#8212;&#8212;&#8212;&#8212;&#8212;-<\/p>\n\n\n\n<hr class=\"wp-block-separator has-alpha-channel-opacity\"\/>\n\n\n\n<p>DE VERLOREN ZOON.<\/p>\n\n\n\n<p><em>Aan de overkant van waar ik woon,<\/em><\/p>\n\n\n\n<p><em>is er vannacht &#8211; ik slaap waarschijnlijk diep &#8211;<\/em><\/p>\n\n\n\n<p><em>een bushalte gebouwd voor de verloren zoon,<\/em><\/p>\n\n\n\n<p><em>die dringend om zijn vader riep.<\/em><\/p>\n\n\n\n<p><em>De mensen uit de straat staan stomverbaasd<\/em><\/p>\n\n\n\n<p><em>te kijken naar een mededeling op het bord.<\/em><\/p>\n\n\n\n<p><em>De vader zwijgt geduldig zonder haast,<\/em><\/p>\n\n\n\n<p><em>al wordt er openlijk op hem gemord.<\/em><\/p>\n\n\n\n<p><em>Alles dik in orde voor het grote feest.<\/em><\/p>\n\n\n\n<p><em>Het zal geschieden volgens reglement.<\/em><\/p>\n\n\n\n<p><em>Zijn milde ogen lachen, als hij &#8217;t over leest:<\/em><\/p>\n\n\n\n<p><em>hij komt weer thuis zijn jongste vent.<\/em><\/p>\n\n\n\n<p><em>De oudste zoon komt dan, met een nors gezicht,<\/em><\/p>\n\n\n\n<p><em>naast de goede vader staan, en zegt:<\/em><\/p>\n\n\n\n<p><em>En ik, die al het werk hier heb verricht,<\/em><\/p>\n\n\n\n<p><em>wordt slechts behandeld als een knecht.<\/em><\/p>\n\n\n\n<p><em>Dan barst de oude heer uit in gevloek en getier:<\/em><\/p>\n\n\n\n<p><em>Jij druiloor, met je slap geouwehoer.<\/em><\/p>\n\n\n\n<p><em>Jouw broer, die vrat misschien dan varkensvoer,<\/em><\/p>\n\n\n\n<p><em>daarv\u00f3\u00f3r had hij tenminste flink plezier.<\/em><\/p>\n\n\n\n<p><em>Maar jij, jij! Gereformeerde kippeboer,<\/em><\/p>\n\n\n\n<p><em>na al die arbeid, dronk je nog geen potje bier.<\/em><\/p>\n\n\n\n<p><em>Al jaren, hoor je? Al jaren zit je me tot hier!<\/em><\/p>\n\n\n\n<p>&#8212;&#8212;&#8212;&#8212;&#8212;&#8212;&#8212;&#8212;&#8212;&#8212;&#8212;&#8212;&#8212;&#8212;&#8212;&#8212;&#8212;<\/p>\n\n\n\n<p>Ik zie mijn kop in de oven<\/p>\n\n\n\n<p>verbranden en langzaam gaar koken.<\/p>\n\n\n\n<p>&#8212;&#8212;&#8212;&#8212;&#8212;&#8212;&#8212;&#8212;&#8212;&#8212;&#8212;&#8212;&#8212;&#8212;&#8212;&#8212;&#8212;&#8212;<\/p>\n\n\n\n<p><em>Het BAASJE  Van De Hond<\/em><\/p>\n\n\n\n<p><em>Het hondje loopt een rondje met zijn baasje.<\/em><\/p>\n\n\n\n<p><em>Dat is toch te gek!<\/em><\/p>\n\n\n\n<p><em>De baas loopt op vier poten<\/em><\/p>\n\n\n\n<p><em>en een halsband om de nek.<\/em><\/p>\n\n\n\n<p><em>Het hondje draagt een broekje en een jasje.<\/em><\/p>\n\n\n\n<p><em>Dat is toch te gek!<\/em><\/p>\n\n\n\n<p><em>De baas die loopt te grommen<\/em><\/p>\n\n\n\n<p><em>met een kluifje in zijn bek.<\/em><\/p>\n\n\n\n<p><em>Het hondje zet de vuilnisbakken buiten.<\/em><\/p>\n\n\n\n<p><em>Dat is toch te gek!<\/em><\/p>\n\n\n\n<p><em>De baas doet snel een plasje<\/em><\/p>\n\n\n\n<p><em>tegen de spijlen van het hek.<\/em><\/p>\n\n\n\n<p><em>Dat is toch te gek om los te lopen!<\/em><\/p>\n\n\n\n<p><em>zeiden de mensen tegen de hond.<\/em><\/p>\n\n\n\n<p><em>Geef de baas zijn broek terug<\/em><\/p>\n\n\n\n<p><em>en haal dat bot onmiddellijk uit zijn mond.<\/em><\/p>\n\n\n\n<p><em>De baas loopt weer zijn rondje<\/em><\/p>\n\n\n\n<p><em>op twee benen,heen en terug.<\/em><\/p>\n\n\n\n<p><em>Alleen dat malle hondje,<\/em><\/p>\n\n\n\n<p><em>zit nu met een zweepje op zijn rug.<\/em><\/p>\n\n\n\n<p>&#8212;&#8212;&#8212;&#8212;&#8212;&#8212;&#8212;&#8212;&#8212;&#8212;&#8212;&#8212;&#8212;<\/p>\n\n\n\n<p><em>KERSTMIS VAN HET HONDJE<\/em><\/p>\n\n\n\n<p><em>Jinglebell,blaft het hondje<\/em><\/p>\n\n\n\n<p><em>&nbsp;het baasje zingt vrolijk met hem mee<\/em><\/p>\n\n\n\n<p><em>Op de kerstkaart van de buren<\/em><\/p>\n\n\n\n<p><em>zit de kerstman op zijn slee<\/em><\/p>\n\n\n\n<p><em>Naast de kerstboom<\/em><\/p>\n\n\n\n<p><em>liggen twee pakjes,keurig ingepakt,reeds klaar<\/em><\/p>\n\n\n\n<p><em>Het baasje snijdt de leverworst aan plakjes,<\/em><\/p>\n\n\n\n<p><em>het hondje pakt een schaar<\/em><\/p>\n\n\n\n<p><em>Toch niet weer zo\u2019n kluifje,denkt het hondje<\/em><\/p>\n\n\n\n<p><em>als hij zijn pakje openmaakt<\/em><\/p>\n\n\n\n<p><em>Fijn h\u00e8,roept het baasje opgetogen<\/em><\/p>\n\n\n\n<p><em>Ik denk,dat dat wel lekker smaakt<\/em><\/p>\n\n\n\n<p><em>Maar dan als hij zijn pakje open scheurt<\/em><\/p>\n\n\n\n<p><em>en ziet; wat hij heeft gekregen<\/em><\/p>\n\n\n\n<p><em>begint hij hard te huilen &#8211;<\/em><\/p>\n\n\n\n<p><em>hij kan er niet meer tegen<\/em><\/p>\n\n\n\n<p><em>Fijn h\u00e8! keft het hondje<\/em><\/p>\n\n\n\n<p><em>Heb je van mij ook zo,n heerlijk kluifje gekregen<\/em><\/p>\n\n\n\n<p><em>Het heeft wel dr\u00ede j\u00e1\u00e1r op de vuilnisbelt gelegen!<\/em><\/p>\n\n\n\n<p><em>Fijn h\u00e8!keft het hondje<\/em><\/p>\n\n\n\n<p><em>Als dat niet lekker smaakt<\/em><\/p>\n\n\n\n<p><em>De buren horen baasje huilen<\/em><\/p>\n\n\n\n<p><em>en zeggen,dat komt weer door dat smerig beest<\/em><\/p>\n\n\n\n<p><em>Kom maar gauw bij ons het kerstfeest vieren<\/em><\/p>\n\n\n\n<p><em>Die hond bederft ook altijd ieder feest<\/em><\/p>\n\n\n\n<p><em>Leverworst en bitterballen<\/em><\/p>\n\n\n\n<p><em>Het hondje eet zijn buikje rond<\/em><\/p>\n\n\n\n<p><em>Kerstmis,smakt hij weltevreden<\/em><\/p>\n\n\n\n<p><em>is ook zalig voor een hond<\/em><\/p>\n\n\n\n<p><em>Ook al noemen mensen mij een smerig beest,<\/em><\/p>\n\n\n\n<p><em>kerstfeest is nog nooit zo fijn geweest.<\/em><\/p>\n\n\n\n<p>&#8212;&#8212;&#8212;&#8212;&#8212;&#8212;&#8212;&#8212;&#8212;&#8212;&#8212;&#8212;&#8212;&#8212;&#8212;&#8212;&#8212;&#8211;<\/p>\n\n\n\n<p><em>IN STEDEN&#8230;<\/em><\/p>\n\n\n\n<p><em>De lichten branden triestig in de stad.<\/em><\/p>\n\n\n\n<p><em>Versleten ben ik in de loop der jaren.<\/em><\/p>\n\n\n\n<p><em>Hier sta ik, eenzaam, moe en afgemat,<\/em><\/p>\n\n\n\n<p><em>en blijf maar naar die lichtjes staren.<\/em><\/p>\n\n\n\n<p><em>De wind woelt zacht en troostend door mijn haren.<\/em><\/p>\n\n\n\n<p><em>Geen sterveling, geen hond die op mij wacht.<\/em><\/p>\n\n\n\n<p><em>Alleen de duistere gevaren,<\/em><\/p>\n\n\n\n<p><em>in steden waar ik niet ben grootgebracht.<\/em><\/p>\n\n\n\n<p><em>Ik koop een broodje kaas, een blikje bier.<\/em><\/p>\n\n\n\n<p><em>Een enkel woord, stilzwijgende gebaren.<\/em><\/p>\n\n\n\n<p><em>Het meisje zet een glimlach op een kier.<\/em><\/p>\n\n\n\n<p><em>Maar teveel vrouwen die mij ontrouw waren,<\/em><\/p>\n\n\n\n<p><em>en ook vanwege andere bezwaren:<\/em><\/p>\n\n\n\n<p><em>wens ik haar kortaf: &#8220;Goede nacht.&#8221;<\/em><\/p>\n\n\n\n<p><em>Ik hoef mijzelf niet nader te verklaren,<\/em><\/p>\n\n\n\n<p><em>in steden waar ik niet ben grootgebracht.<\/em><\/p>\n\n\n\n<p><em>Slaapdronken kom ik langs de nachtportier.<\/em><\/p>\n\n\n\n<p><em>Hotel voor hoertjes, louche handelaren.<\/em><\/p>\n\n\n\n<p><em>Door dunne wandjes dreint nog wat vertier.<\/em><\/p>\n\n\n\n<p><em>De nacht begint in&#8217; t Oosten al te klaren<\/em><\/p>\n\n\n\n<p><em>Nu kun je vaag dat uithangbord ontwaren,<\/em><\/p>\n\n\n\n<p><em>dat knarsend in zijn hengsels spottend lacht.<\/em><\/p>\n\n\n\n<p><em>Cafe&#8217; s, fabrieken, mensen, ijzerwaren,<\/em><\/p>\n\n\n\n<p><em>in steden waar ik niet ben grootgebracht.<\/em><\/p>\n\n\n\n<p><em>De wind woelt zacht en troostend door mijn haren.<\/em><\/p>\n\n\n\n<p><em>Ik zing een melodietje in de nacht.<\/em><\/p>\n\n\n\n<p><em>Een kinderliedje dat ik blijf bewaren,<\/em><\/p>\n\n\n\n<p><em>in steden waar ik niet ben grootgebracht.<\/em><\/p>\n\n\n\n<p>&#8212;&#8212;&#8212;&#8212;&#8212;&#8212;&#8212;&#8212;&#8212;&#8212;&#8212;&#8212;&#8212;&#8212;&#8212;&#8212;&#8212;&#8212;&#8212;<\/p>\n\n\n\n<p><em>GLUREN NAAR DE BUREN.<\/em><\/p>\n\n\n\n<p><em>Gluren naar de buren<\/em><\/p>\n\n\n\n<p><em>dat is een kwade zaak.<\/em><\/p>\n\n\n\n<p><em>Ieder heeft zijn kuren,<\/em><\/p>\n\n\n\n<p><em>ik heb een slechte smaak.<\/em><\/p>\n\n\n\n<p><em>Opbellen is heel erg flauw,<\/em><\/p>\n\n\n\n<p><em>dat doe ik ook wel vaak,<\/em><\/p>\n\n\n\n<p><em>hijgen, en dan gooi je gauw<\/em><\/p>\n\n\n\n<p><em>de hoorn op de haak.<\/em><\/p>\n\n\n\n<p><em>Kijk, die van de overkant<\/em><\/p>\n\n\n\n<p><em>die mensen deugen niet.<\/em><\/p>\n\n\n\n<p><em>Ik kan het weten, want;<\/em><\/p>\n\n\n\n<p><em>wat ik daar al niet zie.<\/em><\/p>\n\n\n\n<p><em>Laatst trapte de politie<\/em><\/p>\n\n\n\n<p><em>de deur in met geweld.<\/em><\/p>\n\n\n\n<p><em>Ze konden &#8211; n\u00e9\u00e9? &#8211; ook niet zeggen wie<\/em><\/p>\n\n\n\n<p><em>er dan had opgebeld.<\/em><\/p>\n\n\n\n<p><em>Gluren naar de buren<\/em><\/p>\n\n\n\n<p><em>dat is een kwade zaak.<\/em><\/p>\n\n\n\n<p><em>Maar niemand kan beweren &#8211;<\/em><\/p>\n\n\n\n<p><em>dat ik &#8211; dat ik me niet vermaak.<\/em><\/p>\n\n\n\n<p>&#8212;&#8212;&#8212;&#8212;&#8212;&#8212;&#8212;&#8212;&#8212;&#8212;&#8212;&#8212;&#8212;&#8212;-<\/p>\n\n\n\n<p><em>SCHADUW.<\/em><\/p>\n\n\n\n<p><em>Op het gras,op de tegels,<\/em><\/p>\n\n\n\n<p><em>tegen de muur van de schuur.<\/em><\/p>\n\n\n\n<p><em>Overal waar ik ga<\/em><\/p>\n\n\n\n<p><em>loopt mijn schaduw mij na.<\/em><\/p>\n\n\n\n<p><em>Schaduw,<\/em><\/p>\n\n\n\n<p><em>blijft even lang staan<\/em><\/p>\n\n\n\n<p><em>totdat we weer gaan.<\/em><\/p>\n\n\n\n<p><em>Dan rent hij weer naast mij,voor mij<\/em><\/p>\n\n\n\n<p><em>of achter mij aan.<\/em><\/p>\n\n\n\n<p><em>Schaduw.<\/em><\/p>\n\n\n\n<p><em>Spring ik omhoog<\/em><\/p>\n\n\n\n<p><em>dan laat hij mij los.<\/em><\/p>\n\n\n\n<p><em>Kom ik neer,dan zit hij weer&#8230;vast,<\/em><\/p>\n\n\n\n<p><em>onder mijn schoenen.<\/em><\/p>\n\n\n\n<p><em>Schaduw,<\/em><\/p>\n\n\n\n<p><em>Als ik kon vliegen als een vogel<\/em><\/p>\n\n\n\n<p><em>dan liet je me los.<\/em><\/p>\n\n\n\n<p><em>Dan gleed je beneden<\/em><\/p>\n\n\n\n<p><em>op de grond met mij mee.<\/em><\/p>\n\n\n\n<p><em>Over heuvels en dalen.<\/em><\/p>\n\n\n\n<p><em>Over zand over mos.<\/em><\/p>\n\n\n\n<p><em>Over rivieren,kanalen.<\/em><\/p>\n\n\n\n<p><em>Over bomen en bos.<\/em><\/p>\n\n\n\n<p><em>Over koeien en schapen,<\/em><\/p>\n\n\n\n<p><em>een schichtige vos.<\/em><\/p>\n\n\n\n<p><em>Ja,als ik kon vliegen<\/em><\/p>\n\n\n\n<p><em>dan liet je me los.<\/em><\/p>\n\n\n\n<p><em>Wolk voor de zon.<\/em><\/p>\n\n\n\n<p><em>Schaduw is weg!<\/em><\/p>\n\n\n\n<p><em>Hee schaduw?\u2026<\/em><\/p>\n\n\n\n<p><em>Oh,daar ben je alweer.<\/em><\/p>\n\n\n\n<p>&#8212;&#8212;&#8212;&#8212;&#8212;&#8212;&#8212;&#8212;&#8212;&#8212;&#8212;&#8212;&#8212;&#8212;&#8212;&#8212;&#8212;&#8212;&#8212;&#8211;<\/p>\n\n\n\n<p><em>Zondagmorgen.<\/em><\/p>\n\n\n\n<p><em>Ik spring uit bad en zing een lofgezang.<\/em><\/p>\n\n\n\n<p><em>Reeds in de keuken, is het water aan de kook.<\/em><\/p>\n\n\n\n<p><em>Ik voel mij goed &#8211; en vrolijk ben ik ook.<\/em><\/p>\n\n\n\n<p><em>Karatetrappend, schop ik dwars door het behang.<\/em><\/p>\n\n\n\n<p><em>De overbuurvrouw&nbsp; staat genietend voor het raam,<\/em><\/p>\n\n\n\n<p><em>als ik daar zomaar, als een jonge speelse hond,<\/em><\/p>\n\n\n\n<p><em>de kamer rondren in mijn blote kont.<\/em><\/p>\n\n\n\n<p><em>Haar ogen lachen, warm en o zo aangenaam.<\/em><\/p>\n\n\n\n<p><em>O zondag morgen<\/em><\/p>\n\n\n\n<p><em>O ik ben zo lekker fris<\/em><\/p>\n\n\n\n<p><em>En zij &#8211; ja zij is!<\/em><\/p>\n\n\n\n<p><em>O&nbsp; ik ben zo blij dat zij mijn buurvrouw is.<\/em><\/p>\n\n\n\n<p><em>Bevallig staat zij, staat zij daar in haar peignoir.<\/em><\/p>\n\n\n\n<p><em>Ik kam mijn haar en wuif haar lachend toe.<\/em><\/p>\n\n\n\n<p><em>Ik galm een psalm, als ik mijn broek aan doe.<\/em><\/p>\n\n\n\n<p><em>Gestreken overhemd en stropdas liggen klaar.<\/em><\/p>\n\n\n\n<p><em>O zondag morgen<\/em><\/p>\n\n\n\n<p><em>O ik ben zo lekker fris<\/em><\/p>\n\n\n\n<p><em>En zij &#8211; ja zij is!<\/em><\/p>\n\n\n\n<p><em>O&nbsp; ik ben zo blij dat zij mijn buurvrouw is.<\/em><\/p>\n\n\n\n<p><em>Ik zag haar net nog voor de spiegel staan.<\/em><\/p>\n\n\n\n<p><em>Daar gaat de bel ze staat al voor de deur<\/em><\/p>\n\n\n\n<p><em>In een fijn jurkje, dat ik prijzend keur ( zit goed,mooi van kleur).<\/em><\/p>\n\n\n\n<p><em>Ze lacht en zegt: Het was vannacht weer volle maan.<\/em><\/p>\n\n\n\n<p><em>Volle maan!<\/em><\/p>\n\n\n\n<p><em>Ik jubel als we samen naar de kerk toe gaan!<\/em><\/p>\n\n\n\n<p>&#8212;&#8212;&#8212;&#8212;&#8212;&#8212;&#8212;&#8212;&#8212;&#8212;&#8212;&#8212;&#8212;&#8212;&#8212;&#8212;&#8212;&#8212;&#8212;&#8212;&#8212;&#8212;-<\/p>\n\n\n\n<p><em>DE EGEL .<\/em><\/p>\n\n\n\n<p><em>Achter in de tuin<\/em><\/p>\n\n\n\n<p><em>Leeft mijn geheim<\/em><\/p>\n\n\n\n<p><em>Overdag goed verstopt<\/em><\/p>\n\n\n\n<p><em>Tussen bladeren<\/em><\/p>\n\n\n\n<p><em>En takken.<\/em><\/p>\n\n\n\n<p><em>Tegen de avond<\/em><\/p>\n\n\n\n<p><em>Komt hij tevoorschijn<\/em><\/p>\n\n\n\n<p><em>Op zoek naar<\/em><\/p>\n\n\n\n<p><em>Kevers wormen<\/em><\/p>\n\n\n\n<p><em>En vette slakken.<\/em><\/p>\n\n\n\n<p><em>Mijn geheim<\/em><\/p>\n\n\n\n<p><em>Is schuw<\/em><\/p>\n\n\n\n<p><em>En voorzichtig<\/em><\/p>\n\n\n\n<p><em>Het is erg lastig<\/em><\/p>\n\n\n\n<p><em>Om hem op te pakken<\/em><\/p>\n\n\n\n<p><em>Dan rolt hij zich op<\/em><\/p>\n\n\n\n<p><em>Tot een&nbsp; bruine stekelige bal<\/em><\/p>\n\n\n\n<p><em>Die in je vingers prikt<\/em><\/p>\n\n\n\n<p><em>Zodat je hem snel weer<\/em><\/p>\n\n\n\n<p><em>Moet Laten zakken.<\/em><\/p>\n\n\n\n<p><em>Achter in de tuin<\/em><\/p>\n\n\n\n<p><em>Leeft mijn geheim<\/em><\/p>\n\n\n\n<p><em>Overdag goed verstopt<\/em><\/p>\n\n\n\n<p><em>Tussen bladeren<\/em><\/p>\n\n\n\n<p><em>En takken.<\/em><\/p>\n\n\n\n<p>&#8212;&#8212;&#8212;&#8212;&#8212;&#8212;&#8212;&#8212;&#8212;&#8212;&#8212;&#8212;&#8212;&#8212;&#8212;&#8212;<\/p>\n\n\n\n<p><em>DE BOCHELAAR.<\/em><\/p>\n\n\n\n<p><em>De bochelaar staat voor het doek<\/em><\/p>\n\n\n\n<p><em>en schildert naar Gods evenbeeld.<\/em><\/p>\n\n\n\n<p><em>Zo&#8217;n halvegare in te grote broek.<\/em><\/p>\n\n\n\n<p><em>Je zou toch zeggen: da&#8217;s niet veel.<\/em><\/p>\n\n\n\n<p><em>Maar &#8217;t scherpe oog, de rake vloek,<\/em><\/p>\n\n\n\n<p><em>bewijst het tegendeel.<\/em><\/p>\n\n\n\n<p><em>Steeds vaker rust nu het penseel,<\/em><\/p>\n\n\n\n<p><em>daar hij wat overpeinzen moet.<\/em><\/p>\n\n\n\n<p><em>Verdraagt het bruin een tikje geel?<\/em><\/p>\n\n\n\n<p><em>Die lijn kan wel iets minder zoet.<\/em><\/p>\n\n\n\n<p><em>Dan snokt ontroering door zijn keel;<\/em><\/p>\n\n\n\n<p><em>een felle snik:zo is het goed!<\/em><\/p>\n\n\n\n<p><em>Op&#8217;t doek poseert in stralengloed,<\/em><\/p>\n\n\n\n<p><em>de kunstenaar, strak als een snaar.<\/em><\/p>\n\n\n\n<p><em>hij wast zijn handen,kamt zijn haar;<\/em><\/p>\n\n\n\n<p><em>en krimpt dan in elkaar<\/em><\/p>\n\n\n\n<p><em>in&#8217;t spiegelbeeld van &#8217;t koude glas<\/em><\/p>\n\n\n\n<p><em>daar staat de bochelaar.<\/em><\/p>\n\n\n\n<p>Een krat vol lege flessen<\/p>\n\n\n\n<p>en mijn buik is vol met bier<\/p>\n\n\n\n<p>haar ogen koele meren<\/p>\n\n\n\n<p> mijn W.C. net een rivier.<\/p>\n\n\n\n<p>&#8212;&#8212;&#8212;&#8212;&#8212;&#8212;&#8212;&#8212;&#8212;&#8212;&#8212;&#8212;&#8212;&#8212;&#8211;<\/p>\n\n\n\n<p><em>Mongool.<\/em><\/p>\n\n\n\n<p><em>Mijn grote broer is anders<\/em><\/p>\n\n\n\n<p><em>Ik weet niet goed waarom<\/em><\/p>\n\n\n\n<p><em>Hij wappert met zijn handen<\/em><\/p>\n\n\n\n<p><em>En praat een beetje stom<\/em><\/p>\n\n\n\n<p><em>Hij wil mee naar de winkel<\/em><\/p>\n\n\n\n<p><em>Met moeder over straat<\/em><\/p>\n\n\n\n<p><em>Hij kan het ook niet helpen<\/em><\/p>\n\n\n\n<p><em>Dat dat zo langzaam gaat<\/em><\/p>\n\n\n\n<p><em>Mijn grote broer is anders<\/em><\/p>\n\n\n\n<p><em>Gaat naar een andere school<\/em><\/p>\n\n\n\n<p><em>En de buurtjongens die zeggen<\/em><\/p>\n\n\n\n<p><em>Jouw broer is een mongool<\/em><\/p>\n\n\n\n<p><em>Mijn broer kan lang niet alles<\/em><\/p>\n\n\n\n<p><em>Of eigenlijk niets<\/em><\/p>\n\n\n\n<p><em>Hij kan geen veters strikken<\/em><\/p>\n\n\n\n<p><em>Kan ook niet op een fiets<\/em><\/p>\n\n\n\n<p><em>Maar koopt wel bij de snackbar<\/em><\/p>\n\n\n\n<p><em>Twee ijsjes &#8211; zonder geld<\/em><\/p>\n\n\n\n<p><em>En dat flikt niemand anders<\/em><\/p>\n\n\n\n<p><em>Alleen mijn broer&#8230;mijn grote held.<\/em><\/p>\n\n\n\n<p><\/p>\n","protected":false},"excerpt":{"rendered":"<p>NOTARIS. In het dorp van de Nette Notaris stelt men geen onnodige vragen. En wat er gelogen of waar is, daar moet men niet over gaan zagen. Hij gluurde vaak door de hekken of dook in de bosjes bij &#8217;t &hellip; <a href=\"http:\/\/www.kolonelknigge.nl\/?page_id=522\">Lees verder <span class=\"meta-nav\">&rarr;<\/span><\/a><\/p>\n","protected":false},"author":2,"featured_media":0,"parent":0,"menu_order":0,"comment_status":"closed","ping_status":"closed","template":"","meta":{"footnotes":""},"class_list":["post-522","page","type-page","status-publish","hentry"],"_links":{"self":[{"href":"http:\/\/www.kolonelknigge.nl\/index.php?rest_route=\/wp\/v2\/pages\/522","targetHints":{"allow":["GET"]}}],"collection":[{"href":"http:\/\/www.kolonelknigge.nl\/index.php?rest_route=\/wp\/v2\/pages"}],"about":[{"href":"http:\/\/www.kolonelknigge.nl\/index.php?rest_route=\/wp\/v2\/types\/page"}],"author":[{"embeddable":true,"href":"http:\/\/www.kolonelknigge.nl\/index.php?rest_route=\/wp\/v2\/users\/2"}],"replies":[{"embeddable":true,"href":"http:\/\/www.kolonelknigge.nl\/index.php?rest_route=%2Fwp%2Fv2%2Fcomments&post=522"}],"version-history":[{"count":19,"href":"http:\/\/www.kolonelknigge.nl\/index.php?rest_route=\/wp\/v2\/pages\/522\/revisions"}],"predecessor-version":[{"id":641,"href":"http:\/\/www.kolonelknigge.nl\/index.php?rest_route=\/wp\/v2\/pages\/522\/revisions\/641"}],"wp:attachment":[{"href":"http:\/\/www.kolonelknigge.nl\/index.php?rest_route=%2Fwp%2Fv2%2Fmedia&parent=522"}],"curies":[{"name":"wp","href":"https:\/\/api.w.org\/{rel}","templated":true}]}}